{"id":468,"date":"2013-08-19T07:22:47","date_gmt":"2013-08-19T06:22:47","guid":{"rendered":"http:\/\/sortiedusine.fr\/makesense\/?page_id=468"},"modified":"2013-10-30T10:23:34","modified_gmt":"2013-10-30T09:23:34","slug":"packages","status":"publish","type":"page","link":"https:\/\/youmakesense.com\/en\/packages\/","title":{"rendered":"Packages"},"content":{"rendered":"<p><strong><\/strong><strong>Design Package : Sensign\u2019<\/strong><\/p>\n<p>S : Proposal 2 logos matching with your name and your values<\/p>\n<p>M : Production of your logo and itemization of your style guide.<\/p>\n<p>L : Production of your logo, your style guide and print of 300 business cards<\/p>\n<p>XL : Production of your logo, your style guide and a 4 pages brochures d<\/p>\n<p><strong>Naming Package : Nam\u2019sense<\/strong><\/p>\n<p>S : Proposal of 3 names for your company\/product <\/p>\n<p>M : proposition de 3 noms pour votre entreprise et de 3 slogans <\/p>\n<p>L : votre nom en image : r\u00e9alisation de votre logo<\/p>\n<p>XL : r\u00e9daction de votre histoire<\/p>\n<p><strong>Package Digital : Digisense<\/strong><\/p>\n<p>S : cr\u00e9ation de vos pages sur les r\u00e9seaux sociaux professionnels (Viadeo et Linkedin) M : Veille conversationnelle de votre marque sur internet<\/p>\n<p>L : cr\u00e9ation de vos pages sur les r\u00e9seaux professionnels et Facebook et animation XL : Monitoring et animation de vos pages pendant 6 mois<\/p>\n<p><strong>Pack Strat\u00e9gie : Strat&amp;Sense<\/strong><\/p>\n<p>S : Etude de votre march\u00e9, de votre position concurrentielle assortie de nos recommandations M : Pour am\u00e9liorer la mani\u00e8re dont vous utilisez vos supports de communication : passage au crible des supports principaux que vous adressez \u00e0 vos publics externes et internes.<\/p>\n<p>L : Etude de votre probl\u00e9matique et d\u00e9finition des messages principaux \u00e0 faire passer<\/p>\n<p>XL : D\u00e9finition de vos strat\u00e9gies marketing et\/ou communication<\/p>\n<p><strong>Pack T\u00eate Cr\u00e9ative :<\/strong><\/p>\n<p>S : Location 1\u20442 journ\u00e9e<\/p>\n<p>M : Location 1 journ\u00e9e. Elaboration d\u2019une analyse et proposition d\u2019une strat\u00e9gie Markcom L : Etude Pr\u00e9alable des objectifs \u00e0 atteindre. Management du projet. Conduite des r\u00e9unions strat\u00e9giques<\/p>\n<p>L : Outsourcing sur mission d\u00e9finie au pr\u00e9alable. Dur\u00e9 maximum : 1 mois<\/p>\n<p><strong>Pack Strat\u00e9gie :\u00a0<\/strong>\u0420\u044b\u0431\u043a\u0430<\/p>\n<p>S : Benchmark de votre march\u00e9 sur la Russie<\/p>\n<p>M: Etude de faisabilit\u00e9 de votre implantation ou de vos exportations<\/p>\n<p>L : Mise en place des outils de communication adapt\u00e9s, traduction, accompagnement sur les Salons, organisation de conf\u00e9rences de presse.<\/p>\n<p>XL : Accompagnement Relations Presse, Salons, mise en relation avec Business Partners, Lead Generation.<\/p>","protected":false},"excerpt":{"rendered":"<p>Design Package : Sensign\u2019 S : Proposal 2 logos matching with your name and your values M : Production of your logo and itemization of your style guide. L : Production of your logo, your style guide and print of 300 business cards XL : Production of your logo, your style guide and a 4 [&hellip;]<\/p>\n","protected":false},"author":1,"featured_media":0,"parent":0,"menu_order":0,"comment_status":"open","ping_status":"open","template":"","meta":[],"_links":{"self":[{"href":"https:\/\/youmakesense.com\/en\/wp-json\/wp\/v2\/pages\/468"}],"collection":[{"href":"https:\/\/youmakesense.com\/en\/wp-json\/wp\/v2\/pages"}],"about":[{"href":"https:\/\/youmakesense.com\/en\/wp-json\/wp\/v2\/types\/page"}],"author":[{"embeddable":true,"href":"https:\/\/youmakesense.com\/en\/wp-json\/wp\/v2\/users\/1"}],"replies":[{"embeddable":true,"href":"https:\/\/youmakesense.com\/en\/wp-json\/wp\/v2\/comments?post=468"}],"version-history":[{"count":4,"href":"https:\/\/youmakesense.com\/en\/wp-json\/wp\/v2\/pages\/468\/revisions"}],"predecessor-version":[{"id":470,"href":"https:\/\/youmakesense.com\/en\/wp-json\/wp\/v2\/pages\/468\/revisions\/470"}],"wp:attachment":[{"href":"https:\/\/youmakesense.com\/en\/wp-json\/wp\/v2\/media?parent=468"}],"curies":[{"name":"wp","href":"https:\/\/api.w.org\/{rel}","templated":true}]}}