{"id":867,"date":"2014-04-10T09:08:26","date_gmt":"2014-04-10T08:08:26","guid":{"rendered":"http:\/\/www.youmakesense.com\/?page_id=867"},"modified":"2023-02-18T15:53:00","modified_gmt":"2023-02-18T14:53:00","slug":"formations","status":"publish","type":"page","link":"https:\/\/youmakesense.com\/en\/formations\/","title":{"rendered":"Formations"},"content":{"rendered":"<p>Les intervenants <img decoding=\"async\" loading=\"lazy\" src=\"http:\/\/www.youmakesense.com\/wp-content\/uploads\/2014\/05\/makesense1.png\" alt=\"makesense\" width=\"90\" height=\"14\" class=\"alignnone size-full wp-image-962\" \/>\u00a0sont des hommes et des femmes de terrain qui ma\u00eetrisent l\u2019activit\u00e9 de conseil, sont conscients de la constante n\u00e9cessit\u00e9 de mener des activit\u00e9s de recherche ou de d\u00e9veloppement.<\/p>\n<p>\u00a0<\/p>\n<p>Alliant expertise, pratique, esprit de synth\u00e8se et qualit\u00e9s p\u00e9dagogiques, ils construisent des formations sur-mesure qui s\u2019adaptent aux attentes et exigences de l\u2019entreprise afin de rapidement, leur apporter une valeur ajout\u00e9e.<\/p>\n<p>\u00a0<br \/>\n<a href=\"http:\/\/www.youmakesense.com\/wp-content\/uploads\/2014\/04\/communiquer-pour-accompagner-le-changement1.pdf\" target=\"_blank\" rel=\"noopener\">Communiquer efficacement pour accompagner le changement<\/a><br \/>\n<a href=\"http:\/\/www.youmakesense.com\/wp-content\/uploads\/2014\/04\/comprendre-et-utiliser-les-Media-Sociaux1.pdf\" target=\"_blank\" rel=\"noopener\">Comprendre et utiliser les m\u00e9dias sociaux<\/a><br \/>\n<a href=\"http:\/\/www.youmakesense.com\/wp-content\/uploads\/2014\/04\/fixer-et-evaluer-des-objectifs1.pdf\" target=\"_blank\" rel=\"noopener\">Savoir fixer et \u00e9valuer des objectifs<\/a><br \/>\n<a href=\"http:\/\/www.youmakesense.com\/wp-content\/uploads\/2014\/04\/Prendre-la-parole-en-public1.pdf\" target=\"_blank\" rel=\"noopener\">Prendre la parole en public<\/a><br \/>\n<a href=\"http:\/\/www.youmakesense.com\/wp-content\/uploads\/2014\/04\/communiquer-vers-la-cible-femme1.pdf\" target=\"_blank\" rel=\"noopener\">Communiquer efficacement vers la cible femme<\/a><br \/>\n<a href=\"http:\/\/www.youmakesense.com\/wp-content\/uploads\/2014\/04\/assurer-sa-visibilite-en-russie1.pdf\" target=\"_blank\" rel=\"noopener\">Formation interculturelle &#8211; Assurer une visibilit\u00e9 en Russie<\/a><br \/>\n<a href=\"http:\/\/www.youmakesense.com\/wp-content\/uploads\/2014\/04\/ameliorer-ses-techniques-redactionnelles1.pdf\" target=\"_blank\" rel=\"noopener\">R\u00e9diger avec aisance vos courriers et vos mails<\/a><\/p>\n<p><span style=\"font-size: 13px;\"><br \/>\nFormation intra-entreprise : La formation se passe au sein de votre entreprise.<br \/>\nFormation inter-entreprise : Plusieurs entreprises participent \u00e0 la formation.<\/span><\/p>\n<p>\u00a0<\/p>\n<address><span style=\" font-size:13px; color: grey;\">Organisme de Formation enregistr\u00e9 sous le num\u00e9ro 1175 51677 75.<br \/>\nCet enregistrement ne valant pas agr\u00e9ment de l\u2019Etat.<\/span><\/address>\n<p><\/p>","protected":false},"excerpt":{"rendered":"<p>Les intervenants \u00a0sont des hommes et des femmes de terrain qui ma\u00eetrisent l\u2019activit\u00e9 de conseil, sont conscients de la constante n\u00e9cessit\u00e9 de mener des activit\u00e9s de recherche ou de d\u00e9veloppement. \u00a0 Alliant expertise, pratique, esprit de synth\u00e8se et qualit\u00e9s p\u00e9dagogiques, ils construisent des formations sur-mesure qui s\u2019adaptent aux attentes et exigences de l\u2019entreprise afin de [&hellip;]<\/p>\n","protected":false},"author":1,"featured_media":0,"parent":0,"menu_order":0,"comment_status":"open","ping_status":"closed","template":"template-single.php","meta":[],"_links":{"self":[{"href":"https:\/\/youmakesense.com\/en\/wp-json\/wp\/v2\/pages\/867"}],"collection":[{"href":"https:\/\/youmakesense.com\/en\/wp-json\/wp\/v2\/pages"}],"about":[{"href":"https:\/\/youmakesense.com\/en\/wp-json\/wp\/v2\/types\/page"}],"author":[{"embeddable":true,"href":"https:\/\/youmakesense.com\/en\/wp-json\/wp\/v2\/users\/1"}],"replies":[{"embeddable":true,"href":"https:\/\/youmakesense.com\/en\/wp-json\/wp\/v2\/comments?post=867"}],"version-history":[{"count":39,"href":"https:\/\/youmakesense.com\/en\/wp-json\/wp\/v2\/pages\/867\/revisions"}],"predecessor-version":[{"id":1638,"href":"https:\/\/youmakesense.com\/en\/wp-json\/wp\/v2\/pages\/867\/revisions\/1638"}],"wp:attachment":[{"href":"https:\/\/youmakesense.com\/en\/wp-json\/wp\/v2\/media?parent=867"}],"curies":[{"name":"wp","href":"https:\/\/api.w.org\/{rel}","templated":true}]}}